{"id":12,"date":"2021-07-26T19:33:10","date_gmt":"2021-07-26T19:33:10","guid":{"rendered":"http:\/\/detodo.servicetop.cl\/index.php\/producto\/hoodie-with-logo\/"},"modified":"2021-07-26T20:21:28","modified_gmt":"2021-07-26T20:21:28","slug":"hoodie-with-logo","status":"publish","type":"product","link":"https:\/\/detodo.servicetop.cl\/index.php\/producto\/hoodie-with-logo\/","title":{"rendered":"Aspiradora de escritorio"},"content":{"rendered":"<p>Versi\u00f3n recargable de Aspiradora de escritorio Mini para teclado port\u00e1til, Oficina, veh\u00edculo, Limpiador peque\u00f1o.<\/p>\n","protected":false},"excerpt":{"rendered":"<p>Aspiradora de escritorio recargable<\/p>\n","protected":false},"featured_media":13,"comment_status":"open","ping_status":"closed","template":"","meta":{"om_disable_all_campaigns":false,"_monsterinsights_skip_tracking":false,"_monsterinsights_sitenote_active":false,"_monsterinsights_sitenote_note":"","_monsterinsights_sitenote_category":0},"product_brand":[],"product_cat":[24],"product_tag":[20],"class_list":{"0":"post-12","1":"product","2":"type-product","3":"status-publish","4":"has-post-thumbnail","6":"product_cat-of01","7":"product_tag-limpieza","9":"first","10":"instock","11":"sale","12":"shipping-taxable","13":"purchasable","14":"product-type-simple"},"aioseo_notices":[],"jetpack_sharing_enabled":true,"_links":{"self":[{"href":"https:\/\/detodo.servicetop.cl\/index.php\/wp-json\/wp\/v2\/product\/12","targetHints":{"allow":["GET"]}}],"collection":[{"href":"https:\/\/detodo.servicetop.cl\/index.php\/wp-json\/wp\/v2\/product"}],"about":[{"href":"https:\/\/detodo.servicetop.cl\/index.php\/wp-json\/wp\/v2\/types\/product"}],"replies":[{"embeddable":true,"href":"https:\/\/detodo.servicetop.cl\/index.php\/wp-json\/wp\/v2\/comments?post=12"}],"wp:featuredmedia":[{"embeddable":true,"href":"https:\/\/detodo.servicetop.cl\/index.php\/wp-json\/wp\/v2\/media\/13"}],"wp:attachment":[{"href":"https:\/\/detodo.servicetop.cl\/index.php\/wp-json\/wp\/v2\/media?parent=12"}],"wp:term":[{"taxonomy":"product_brand","embeddable":true,"href":"https:\/\/detodo.servicetop.cl\/index.php\/wp-json\/wp\/v2\/product_brand?post=12"},{"taxonomy":"product_cat","embeddable":true,"href":"https:\/\/detodo.servicetop.cl\/index.php\/wp-json\/wp\/v2\/product_cat?post=12"},{"taxonomy":"product_tag","embeddable":true,"href":"https:\/\/detodo.servicetop.cl\/index.php\/wp-json\/wp\/v2\/product_tag?post=12"}],"curies":[{"name":"wp","href":"https:\/\/api.w.org\/{rel}","templated":true}]}}